{"id":23,"date":"2014-08-05T21:12:20","date_gmt":"2014-08-05T20:12:20","guid":{"rendered":"http:\/\/www.dianarighini.com\/?page_id=23"},"modified":"2025-05-03T10:08:50","modified_gmt":"2025-05-03T09:08:50","slug":"cv","status":"publish","type":"page","link":"https:\/\/www.dianarighini.com\/?page_id=23","title":{"rendered":"CV"},"content":{"rendered":"<p>Diana Righini<\/p>\n<p>N\u00e9e en 1980, \u00e0 Rome. Vit et travaille \u00e0 Paris<br \/><em>Born in 1980, Rome. Lives and works in Paris.<\/em><\/p>\n<p><a href=\"https:\/\/www.dianarighini.com\/wp-content\/uploads\/2015\/05\/portrait-copie-WWW.jpg\"><img loading=\"lazy\" decoding=\"async\" class=\"alignnone size-medium wp-image-939\" src=\"https:\/\/www.dianarighini.com\/wp-content\/uploads\/2015\/05\/portrait-copie-WWW-300x294.jpg\" alt=\"portrait-copie-WWW\" width=\"300\" height=\"294\" srcset=\"https:\/\/www.dianarighini.com\/wp-content\/uploads\/2015\/05\/portrait-copie-WWW-300x294.jpg 300w, https:\/\/www.dianarighini.com\/wp-content\/uploads\/2015\/05\/portrait-copie-WWW-1024x1004.jpg 1024w\" sizes=\"auto, (max-width: 300px) 100vw, 300px\" \/><\/a><\/p>\n<p><strong>EXPOSITIONS \/ <\/strong><em>EXHIBITIONS<\/em><\/p>\n<p>2025 \/ Exposition <a href=\"http:\/\/www.parcsaintleger.fr\/content-psl\/uploads\/2025\/03\/DP-TERRETRE-NGuillemin-et-DRighini.pdf\" target=\"_blank\" rel=\"noopener\">\u00ab\u00a0TERR\u00caTRE &#8211; Marcher, oeuvrer, chanter avec les Ni\u00e8vres\u00a0\u00bb<\/a><\/p>\n<p>en duo avec <a href=\"https:\/\/mondesheureux.net\/\" target=\"_blank\" rel=\"noopener\">Nicolas Guillemin<\/a> sous le commissariat de <a href=\"https:\/\/salmeronfrancois.wordpress.com\/\" target=\"_blank\" rel=\"noopener\">Fran\u00e7ois Salmeron<\/a>.<\/p>\n<p>Parc Saint-L\u00e8ger Centre d&rsquo;art contemporain.<\/p>\n<p>2024 \/<\/p>\n<p>&#8211; <a href=\"http:\/\/www.parcsaintleger.fr\/portfolio\/temps-gris-et-temps-vert\/\" target=\"_blank\" rel=\"noopener\">Conf\u00e9rence \u00e0 l&rsquo;Esaab<\/a> de Nevers, avec Nicolas Guillemin et Fran\u00e7ois Salmeron<\/p>\n<h5 class=\"vc_custom_heading titre-zone\">\u00ab\u00a0TEMPS GRIS ET TEMPS VERT : AUX CONFLUENCES D&rsquo;UNE \u00c9COLOGIE SOCIALE ET ENVIRONNEMENTALE\u00a0\u00bb<\/h5>\n<p>&#8211; \u00ab\u00a0Pr\u00e9sences du jardin\u00a0\u00bb, invitation au Bateau Lavoir par <a href=\"https:\/\/www.instagram.com\/julie.genelin\/\" target=\"_blank\" rel=\"noopener\">Julie Gennelin<\/a><\/p>\n<p>dans le cycle d&rsquo;expositions \u00ab\u00a0Calendrier fragment d&rsquo;une sculpture\u00a0\u00bb, Performance le samedi 18 mai 2024.<\/p>\n<p>2023 \/<\/p>\n<ul>\n<li><span class=\"MByod JdFsz\">KUNSTFESTIVAL Zomer Op Zuid with <a href=\"https:\/\/www.artashram.net\/lucino\" target=\"_blank\" rel=\"noopener\">Art Ashram<\/a> Collective, Rotterdam.<br \/><\/span><\/li>\n<li><span class=\"MByod JdFsz\">\u00ab\u00a0Race For Space<\/span>\u00a0\u00bb workshop at the Foundation B.a.d. and Paviljoen aan het water, Rotterdam.<\/li>\n<\/ul>\n<p><span class=\"x193iq5w xeuugli x13faqbe x1vvkbs xlh3980 xvmahel x1n0sxbx x1lliihq x1s928wv xhkezso x1gmr53x x1cpjm7i x1fgarty x1943h6x xudqn12 x3x7a5m x6prxxf xvq8zen xo1l8bm xzsf02u x1yc453h\" dir=\"auto\">&#8211; <a href=\"https:\/\/rotterdamsedakendagen.nl\/bovenop-zuid\/?lang=en&amp;fbclid=IwAR3Wqr30-wiFCm2LBvhkY51DVARZhS8iNOtzEFaKvRSdmcNS5Q9gaUmvywg\">Rotterdamse Dakendagen<\/a> exhibition with <a href=\"https:\/\/www.artashram.net\/lucino\" target=\"_blank\" rel=\"noopener\">Art Ashram<\/a> Collective, Rotterdam.<br \/><\/span><\/p>\n<p>&#8211; Residence <strong>Paviljoen aan het water &#8211; <a href=\"https:\/\/www.foundationbad.nl\/\">Foundation<\/a><a href=\"https:\/\/www.foundationbad.nl\/\"> B.a.d.<\/a><\/strong>, Rotterdam.<\/p>\n<p>2021 \/<\/p>\n<p><a href=\"https:\/\/www.zku-berlin.org\/people\/diana-righini\/\" target=\"_blank\" rel=\"noopener\"><strong>ZK\/U<\/strong> <\/a>&#8211; Center for Art and Urbanistic, residency, Berlin.<\/p>\n<p>&#8211; OPEN HAUS. <a href=\"https:\/\/www.zku-berlin.org\/fellows\/\" target=\"_blank\" rel=\"noopener\"><strong>ZK\/U<\/strong> <\/a>&#8211; Center for Art and Urbanistic, residency, Berlin.<\/p>\n<p>&#8211; Exhibition \u00ab\u00a0We are all guests\u00a0\u00bb at <strong><a href=\"https:\/\/www.foundationbad.nl\/\">Foundation<\/a><a href=\"https:\/\/www.foundationbad.nl\/\"> B.a.d.<\/a><\/strong> , Rotterdam with <a href=\"https:\/\/www.artashram.net\/lucino\" target=\"_blank\" rel=\"noopener\">Art Ashram<\/a> collective<\/p>\n<p>&#8211; \u00ab\u00a0TO HEAL THE BROKEN WITH THE BROKEN SOMETHING\u00a0\u00bb,<\/p>\n<p>Performance at <strong><a href=\"https:\/\/www.eenkunstcentrum.nl\/agenda\">Een Kunstcentrum Charlois<\/a>,<\/strong> Rotterdam, Rotterdam with <a href=\"https:\/\/www.artashram.net\/lucino\" target=\"_blank\" rel=\"noopener\">Art Ashram<\/a> collective<\/p>\n<p>2020\/<\/p>\n<p>&#8211; <strong>AIC &#8211; Aide \u00e0 la cr\u00e9ation, <\/strong><a href=\"https:\/\/www.culture.gouv.fr\/Regions\/Drac-Ile-de-France\/Arts-visuels\/Laureats-de-l-Aide-individuelle-a-la-creation-session-2020\" target=\"_blank\" rel=\"noopener\">DRAC<\/a> \u00cele-de-France- Bourse<\/p>\n<p>&#8211; Walpodenakademie Kunstverein, with <a href=\"https:\/\/www.artashram.net\/lucino\" target=\"_blank\" rel=\"noopener\">Art Ashram<\/a>,\u00a0 Mainz, Allemagne<\/p>\n<p>\u00ad- \u00ab\u00a0Sur mes pages\u00a0\u00bb, exposition collective avec <a href=\"https:\/\/pointcontemporain.com\/diana-righini-monographie\/\" target=\"_blank\" rel=\"noopener\">Point Contemporain<\/a>, Under construction Gallery, Paris<\/p>\n<p>\u00ad- \u00ab\u00a0Nouvelles frontie\u0300res\u00a0\u00bb, se\u0301minaire sous la direction Yann Toma et Marc Partouche, La Sorbonne, Paris.<\/p>\n<p>2019\/<\/p>\n<p>&#8211; \u00ab\u00a0Made in Italy\u00a0\u00bb, exposition solo \u00e0 l&rsquo;Atelier W, Pantin. Opening\u00a0 11th july 2019.<\/p>\n<p>-\u00ab\u00a0Lucino\u00a0\u00bb, r\u00e9sidence avec le collectif Art Ashram, \u00e0 la <strong>Kunstverein <a href=\"https:\/\/kunstvereine.de\/de\/kuenstler-gut-loitz\" target=\"_blank\" rel=\"noopener\">kuenstler-gut-loitz<\/a><\/strong>, LOITZ, Allemagne.<\/p>\n<p>&#8211; \u00ab\u00a0Art et Espace Public\u00a0\u00bb, conf\u00e9rence, invit\u00e9e par le <a href=\"http:\/\/www.lecerclechromatique.org\/fr\/evenements\/view\/2\/le-cercle-s-ouvre\/10\/atelier-debat-l-art-et-l-espace-public-quels-enjeux-pour-les-espaces-de-creation-et-de-diffusion-de-l-art-aujourd-hui\" target=\"_blank\" rel=\"noopener\">Cercle Chromatique<\/a>, Beaux-arts de Paris.<\/p>\n<p>&#8211; \u00ab\u00a0<a href=\"https:\/\/eternalnetwork.fr\/projets\/article\/exposition-some-of-us-an-overview-on-the-french-art-scene\" target=\"_blank\" rel=\"noopener\">Some of us<\/a>\u00a0\u00bb 1er Juin &#8211; 13 Octobre 2019, commissariat <a href=\"https:\/\/c-e-a.asso.fr\/curator\/?curator_id=cotinet-alphaize-jerome\" target=\"_blank\" rel=\"noopener\">J\u00e9r\u00f4me Cotinet-Alphaize<\/a> &amp; <a href=\"https:\/\/c-e-a.asso.fr\/curator\/?curator_id=derrien-marianne\" target=\"_blank\" rel=\"noopener\">Marianne Derrien<\/a>,<\/p>\n<p>KUNSTWERK CARLSH\u00dcTTE &#8211; NordArt, B\u00fcdelsdorf, Allemagne<\/p>\n<p>2018 \/<\/p>\n<p>&#8211; <a href=\"https:\/\/paulardenne.wordpress.com\/2018\/05\/14\/talking-about-a-revolution-au-22visconti\/\">TALKING ABOUT A REVOLUTION<\/a> , commissariat Paul Ardenne, Espace 22 Rue Visconti, 17 mai- 17 juin 2018<\/p>\n<p>&#8211; #678 Revue <a href=\"https:\/\/pointcontemporain.com\/diana-righini-monographie\/\" target=\"_blank\" rel=\"noopener\">Point Contemporain<\/a>, Villa Belleville, 16 &#8211; 18 mars 2018<\/p>\n<p>&#8211; <a href=\"https:\/\/www.2angles.org\/righini-diana\" target=\"_blank\" rel=\"noopener\">2angles<\/a> f\u00eate ses 15 ans !, Flers, 21 &#8211; 22 septembre 2018<\/p>\n<p>2017 \/<\/p>\n<p>&#8211; R\u00e9sidence de recherche collective \u00e0 <strong>L&rsquo;Usine de Vie<\/strong>, Pyr\u00e9n\u00e9es.<\/p>\n<p>Pendant le <em>Printemps de l\u2019art contemporain<\/em> Marseille :<\/p>\n<p><strong>&#8211; Murmurations<\/strong> &#8211; avec Silvia Lorenz\u00a0 \u00e0 la <strong>Galerie Deux<\/strong>, Marseille<\/p>\n<p><strong>&#8211; PAYSages<\/strong> &#8211; exposition solo \u00e0 la <strong>Galerie Agama<\/strong>, Marseille<\/p>\n<p>&#8211; <strong>FABRICA MUNDI<\/strong>, exposition en deux volets chez <a href=\"http:\/\/almaespacedart.com\/wp-content\/uploads\/2017\/06\/CP-fabrica-mundi.pdf\"><strong>ALMA Espace d\u2019art <\/strong><\/a>et <strong>La Librairie Petite \u00c9gypte, <\/strong>Paris<\/p>\n<p>&#8211;\u00a0 \u00ab\u00a0Garder le cap\u00a0\u00bb exposition collective \u00e0 la <strong>Galerie Val\u00e9rie Delaunay<\/strong>, Paris\u00a0 &gt; 8 mars 2017<\/p>\n<p>2016 \/<\/p>\n<p>&#8211; R\u00e9sidence <a href=\"https:\/\/2mares.org\/\"><strong>DOS MARES<\/strong><\/a>, deuxi\u00e8me volet, Marseille<\/p>\n<p>&#8211; <strong>FRASQ<\/strong>, <span class=\"st\">Rencontre de la performance, <\/span><\/p>\n<p><span class=\"st\">Initi\u00e9 par Le G\u00e9n\u00e9rateur,<\/span> sur invitation du <strong>Cabaret Courant Faible<\/strong> &#8211; Gentilly, France<\/p>\n<p>&#8211; Anatomie du Labo, Festival du court-m\u00e9trage de Clermont-Ferrand, France<\/p>\n<p>2015 \/<\/p>\n<p>&#8211; Librairie LA HUNE, la Vitrine, Paris<\/p>\n<p>&#8211; PARADES, du 14 mars au 12 avril 2015\u00a0 &#8211; Conf\u00e9rence le 15 Mars \u00e0 16H<br \/>Exposition solo aux <strong>Fonds d\u2019Art Moderne et Contemporain<\/strong> \u2013 27 rue des faucheroux \u2013 03100 Montlu\u00e7on<\/p>\n<p>&#8211; \u00ab\u00a0Histoires &#8230; de prendre son temps\u00a0\u00bb <strong>Fonds d&rsquo;art SHAKERS<\/strong><br \/>artistes pr\u00e9sent\u00e9s : Evelyne Amizet, Marion Bataillard, Allison Daumain, Nathalie Pitel, Diana Righini, Lisa Salamandra, Claire Tabouret, Jonathan Audin, Yassine Balbzioui, Thierry Demaison, Anthony Duranthon, Juliano Caldeira, F\u00e9f\u00e9, Fissore, Yves Gobart, Rafael Grassi, Yann Lacroix, Thomas Levy-Lasne, Mako Moya, Thibaud Thiercelin\u2026<br \/>Exposition du 23 mai au 30 ao\u00fbt 2015<br \/>Lieu : Ch\u00e2teau des Ducs de Bourbon- esplanade du vieux ch\u00e2teau \u2013 03100 Montlu\u00e7on<\/p>\n<p>2014 \/<\/p>\n<p>\u00ab\u00a0JDW 30 Jahre\u00a0\u00bb, Zwischenzeitlicher Raum f\u00fcr Kunst und Reisen, Berlin (6th &#8211; 16th\u00a0 November)<\/p>\n<p>\u201cMOnuMENTS\u201d, <a href=\"http:\/\/www.tete.nu\/_MOnuMENTS\" target=\"_blank\" rel=\"noopener\">T\u00eate Galerie<\/a>, Berlin\u00a0 ( 4th &#8211; 14th October)<br \/>\u00ab\u00a0UTA\u00a0\u00bb, Kunsthalle am Hamburger Platz, Berlin (15th &#8211; 21th September)<br \/>\u201cBarricades\u201d, exposition personnelle, <a href=\"https:\/\/www.librairievolume.fr\/\" target=\"_blank\" rel=\"noopener\">Librairie Volume<\/a>, Paris ( du 11 Septembre au 8 Octobre )<\/p>\n<p>2013 \/<br \/>\u201cUhu\u201d, Kunsthalle am Hamburger Platz, Berlin<br \/>TRANSITIVES N\u00b06 au <a href=\"https:\/\/www.2angles.org\/righini-diana\" target=\"_blank\" rel=\"noopener\">Centre de Cr\u00e9ation Contemporaine 2angles<\/a>, Flers, France<\/p>\n<p>2012 \/<br \/>\u201c<a href=\"https:\/\/millemillefeuille.wordpress.com\/\" target=\"_blank\" rel=\"noopener\">Millefeuille<\/a>\u201d, <a href=\"https:\/\/millemillefeuille.wordpress.com\/\" target=\"_blank\" rel=\"noopener\">Institut fran\u00e7ais de Berlin<\/a> curated by Diana Righini<br \/>\u201cBerlin Center 2004-2011\u201d Solo exhibition <strong>O.F.A.J. \/ Office Franco Allemand de la Jeunesse<\/strong>, Berlin<br \/>2011 \/<br \/>&#8211; \u201c Deal With it \u201d, Porchismus project curated by Veronika Somnitz, <a href=\"http:\/\/porschismus.kimbl.com\/wp\/exhibitions\/hash9\/\" target=\"_blank\" rel=\"noopener\">Galerjia Duplex 10m2<\/a>, Sarajevo<br \/>&#8211; \u201c Fata Morgana \u201d, Performance and installation in public space in Ostbahnhof, Berlin. Curated by Klara Adam.<br \/>&#8211; \u201cLa cabane\u201d <a href=\"https:\/\/www.hal-berlin.de\/\" target=\"_blank\" rel=\"noopener\">Haus am L\u00fctzowplatz<\/a> \/ F\u00f6rdererkreis Kulturzentrum, curated by Maryna Baranovska, Berlin<br \/>&#8211; LAGE EGAL 3:20, \u201cWunderkammer\u201d, curated by Pierre Granoux et Jofroi Amaral, Berlin<br \/>2010 \/<br \/>&#8211; \u201cIn Between\/Entre-deux\u201d, Show window, Vitrine de la <strong>Librairie La Hune<\/strong>, St Germain, Paris<br \/>&#8211;\u00a0\u00a0 International Open Studios, <strong>Cit\u00e9 International des Arts<\/strong>, Studio in Montmartre, Paris<br \/>&#8211; \u201cInvisible Circus\u201d, Mainzerstrasse Studio, Collective installation and performativ project, Berlin<br \/>&#8211; \u201cThe Show\u201d, at the Fortgotten Bar, Galerie Regierungsviertel, Collective exhibition, Berlin<\/p>\n<p>2009 \/<br \/>&#8211; \u201cPrototypes\u201d, <strong>ENSA Bourges<\/strong> &#8211; workshop project and exhibition at la Halle au bl\u00e9, Bourges, France<br \/>&#8211; \u201cMurs Visibles, Murs invisibles\u201d, L\u2019 art au Garage, Paris<br \/>&#8211; \u201cWith or Without\u201d, Berlin &#8211; Interflugs Summer Academy workshop with Gaia Fugazza. Public space installation.<br \/>&#8211; \u201cBerlin Gesichter einer Stadt\u201d photography exhibition, <strong>O.F.A.J.\/Office Franco Allemand de la Jeunesse<\/strong>, Berlin<br \/>2008 \/<br \/>&#8211; <strong>4e Biennale de Bourges 08<\/strong> &#8211; Panorama de la Jeune Cr\u00e9ation, Bourges, France<br \/>&#8211;<strong> 53e Salon d\u2019art contemporain de Montrouge<\/strong> (Hauts-de-Seine), France<br \/>2007 \/<br \/>&#8211; \u201cSoci\u00e9t\u00e9 anonyme\u201d, collectiv exhibition, <strong>Le Plateau, FRAC Ile-de-France<\/strong><br \/>&#8211; <strong>Biennale d\u2019Estampe de St Maur<\/strong>, France<\/p>\n<p><strong>DIPL\u00d4MES et \u00c9CHANGES \/<\/strong><em> EDUCATION and EXCHANGES<\/em><strong><br \/><\/strong><\/p>\n<p>2001-2006 \/ <strong>ENSB-A, Paris<\/strong> &#8211; \u00c9cole Nationale Sup\u00e9rieure des Beaux-Arts de Paris<br \/>Atelier Jean-Michel Alberola et Dominique Belloir<br \/>2005 \/ SVA, New-York &#8211; <strong>School of Visual Art<\/strong> &#8211; Bourse d\u2019\u00e9tudes &#8211; Prix LVMH<br \/>Film Departement Chris Newman et Atelier Jutta Koerther<br \/>2008 \/ <strong>KHB-Weissensee<\/strong>, Berlin &#8211; Kunsthochschule &#8211; <strong>DAAD Programm<\/strong><br \/>Atelier Antje Majewsky<\/p>\n<p><strong>R\u00c9SIDENCES<\/strong> \/<em> RESIDENCIES<\/em><\/p>\n<p>2023\/ Residence <strong><a href=\"https:\/\/www.foundationbad.nl\/\">Foundation<\/a><a href=\"https:\/\/www.foundationbad.nl\/\"> B.a.d.<\/a><\/strong> , Rotterdam with <a href=\"https:\/\/www.artashram.net\/lucino\" target=\"_blank\" rel=\"noopener\">Art Ashram<\/a> collective<\/p>\n<p>2021 \/ <a href=\"https:\/\/www.zku-berlin.org\/fellows\/\" target=\"_blank\" rel=\"noopener\">ZK\/U<\/a> &#8211; Center for Art and Urbanistic, residency, Berlin<\/p>\n<p>2019 \/ Residency with Art Ashram art collective, Kunstverein <a href=\"https:\/\/kunstvereine.de\/de\/kuenstler-gut-loitz\" target=\"_blank\" rel=\"noopener\">kuenstler-gut-loitz<\/a>, LOITZ, Allemagne.<\/p>\n<p>2017\/ R\u00e9sidence avec le collectif AVD \u00e0 \u00ab\u00a0L&rsquo;usine de Vie\u00a0\u00bb, Pyren\u00e9es, France.<\/p>\n<p>2016 \/ R\u00e9sidence <a href=\"http:\/\/www.residencesinternationales.com\/diana-righini\/\" target=\"_blank\" rel=\"noopener\">DOS MARES<\/a>, (deuxi\u00e8me volet), Marseille<\/p>\n<p>2015 \/ R\u00e9sidence <a href=\"http:\/\/www.residencesinternationales.com\/diana-righini\/\" target=\"_blank\" rel=\"noopener\">DOS MARES<\/a>, Marseille<br \/>2014 \/ 2015 R\u00e9sidence Shakers \u00e0 Montlu\u00e7on, France<br \/>2013 \/ 2angles &#8211; R\u00e9sidence au Centre de Cr\u00e9ation Contemporaine \u00e0 Flers, Basse-Normandie<br \/>2011 \/<br \/>C.N.A.P. \/ Centre National des Arts Plastiques<br \/>O.F.A.J. \/ Research stipendium for a photography book, \u00ab\u00a0Berlin Center 2004-2011\u00a0\u00bb.<br \/>2010 \/<br \/><strong>Cit\u00e9 Internationale des Arts<\/strong>, r\u00e9sidence, Paris, France<br \/>2009 \/<br \/>La Galerie LA BOX, r\u00e9sidence, Bourges, France<br \/>2008 \/<br \/><strong>DAAD<\/strong> &#8211; Deutscher Akademischer Austausch Dienst &#8211; Berlin<br \/>2005 \/<br \/>10 months Erasmus Program at the KHB &#8211; <strong>KunstHochSchule-Weissensee<\/strong>, Berlin.<br \/>2004 \/<br \/>Prix LVMH, Stipendium for the Film Department in SVA &#8211; <strong>School of Visual Arts<\/strong>, New York.<br \/>2002 \/<br \/>Prize dor Photography Metro-Bus-Fnac, Rouen, Normandy, France.<\/p>\n<p><strong>PUBLICATIONS<\/strong><\/p>\n<p><strong>Catalogues<\/strong><br \/>&#8211; Dipl\u00f4m\u00e9s, \u00c9dition ENSB-A, Paris, 2007<br \/>&#8211; Biennale de l\u2019Estampe de St Maur, 2007<br \/>&#8211; Les d\u00e9couvertes, 53e Salon de Montrouge 2008<br \/>&#8211; Panorama de la Jeune Cr\u00e9ation, Biennale de Bourges, 2008<br \/>&#8211; \u00ab\u00a0Spatial Fix\u00a0\u00bb, suite \u00e0 la r\u00e9sidence de la Galerie La Box, Bourges, 20108<br \/>&#8211; \u00ab\u00a0Parades\u00a0\u00bb, catalogue de l&rsquo;exposition solo aux Fonds d\u2019Art Moderne et Contemporain, Montlu\u00e7on, 2015<br \/>&#8211; \u00ab\u00a0Pour l&rsquo;\u00e9dification d&rsquo;un monde commun et proprement humain\u00a0\u00bb, monographie, 2017 texte de Fran\u00e7ois Salmeron.<\/p>\n<p><strong>Articles<\/strong><br \/>&#8211; Le Berri, \u201c\u00c9tonnant, surprenant voir inqui\u00e9tant\u201d, 17 novembre 2008<br \/>&#8211; La Gazette de Berlin N\u00b034, \u201cMille et un visages de Berlin\u201d, juillet 2009<br \/>&#8211; Les soir\u00e9es de Paris, Revue culturelle depuis 1912.<br \/>\u201cDiana Righini d\u00e9crypte le mouvement des villes\u201d, par Juliette Delaporte, 10 d\u00e9cembre 2010<br \/>&#8211; Transbalkan \u201cArt in BiH\u201d, october 2011<br \/>&#8211; Oslobodenje \u201cPorchismus &#8211; Deal with it\u201d, october 2011<br \/>&#8211; \u201cLes sursaut d\u2019apr\u00e8s guerre inspirent Diana Righini\u201d, Ouest-France, 5 janvier 2014<\/p>\n<p>&#8211; \u00ab\u00a0Interview pour l&rsquo;exposition Fabrica Mundi dans <a href=\"http:\/\/pointcontemporain.com\/direct-expositions-diana-righini-fabrica-mundi-alma-espace-dart-paris\" target=\"_blank\" rel=\"noopener noreferrer\">Point contemporain<\/a><\/p>\n<p>&#8211; \u00ab\u00a0Fabrica mundi\u00a0\u00bb par Florian Gait\u00e9, <a href=\"http:\/\/www.paris-art.com\/fabrica-mundi-2\/\" target=\"_blank\" rel=\"noopener noreferrer\">paris-art.com<\/a><\/p>\n<p><strong>Livres d\u2019artiste \/ <em>Artist&rsquo;s books<\/em><\/strong><br \/>&#8211; \u201cFragments\u201d, \u00e9dition s\u00e9rigraphi\u00e9e, 25 exemplaires, KHB-Weissensee, Berlin, 2009<br \/>&#8211; \u201cIn Between \/Entre deux\u201d, \u00e9dition s\u00e9rigraphi\u00e9e &#8211; 50 pages, 45 exemplaires, Paris, 2010<br \/>&#8211; \u201cMillefeuille\u201d, \u00e9dition limit\u00e9e 250 exemplaires num\u00e9rot\u00e9es \u00e0 l\u2019occasion de l\u2019exposition<br \/>\u00e0 l\u2019Institut fran\u00e7ais de Berlin. Concept: e o t (essays on typography), 2012<br \/>&#8211; \u201cAnnuaire du monde\u201d \u00e9dition s\u00e9rigraphi\u00e9e + 10 coffrets, en cours de r\u00e9alisation.<br \/>&#8211; \u201cPAYSage \/LANDscape\u201d, \u00e9dition s\u00e9rigraphi\u00e9 &#8211; 50 pages, 50 exemplaires, Paris 2012<br \/>&#8211; \u201cUn drapeau flottera!\/A flag will float!\u201d,\u00a0 \u00e9dition s\u00e9rigraphi\u00e9 &#8211; 50 p., 25 exemplaires, Paris 2013<br \/>&#8211;\u00a0 \u201cBarricades\u201d, \u00e9dition s\u00e9rigraphi\u00e9 &#8211; 50 p., 25 exemplaires, Paris 2014<br \/>&#8211; \u00ab\u00a0Notes pour un film\u00a0\u00bb \u00e9dition s\u00e9rigraphi\u00e9 &#8211; 50 p., 25 exemplaires, 2016<\/p>\n<p>&#8211; \u00ab\u00a0TANZ DER UNTERGANG MIT MIR\u00a0\u00bb, photography book about Berlin city, 2022-2023.<\/p>\n\n\n<p><\/p>\n","protected":false},"excerpt":{"rendered":"<p>Diana Righini N\u00e9e en 1980, \u00e0 Rome. Vit et travaille \u00e0 ParisBorn in 1980, Rome. Lives and works in Paris. EXPOSITIONS \/ EXHIBITIONS 2025 \/ Exposition \u00ab\u00a0TERR\u00caTRE &#8211; Marcher, oeuvrer, chanter avec les Ni\u00e8vres\u00a0\u00bb en duo avec Nicolas Guillemin sous le commissariat de Fran\u00e7ois Salmeron. Parc Saint-L\u00e8ger Centre d&rsquo;art contemporain. 2024 \/ &#8211; Conf\u00e9rence \u00e0 [&hellip;]<\/p>\n","protected":false},"author":1,"featured_media":0,"parent":0,"menu_order":0,"comment_status":"closed","ping_status":"closed","template":"","meta":{"footnotes":""},"class_list":["post-23","page","type-page","status-publish","hentry"],"_links":{"self":[{"href":"https:\/\/www.dianarighini.com\/index.php?rest_route=\/wp\/v2\/pages\/23","targetHints":{"allow":["GET"]}}],"collection":[{"href":"https:\/\/www.dianarighini.com\/index.php?rest_route=\/wp\/v2\/pages"}],"about":[{"href":"https:\/\/www.dianarighini.com\/index.php?rest_route=\/wp\/v2\/types\/page"}],"author":[{"embeddable":true,"href":"https:\/\/www.dianarighini.com\/index.php?rest_route=\/wp\/v2\/users\/1"}],"replies":[{"embeddable":true,"href":"https:\/\/www.dianarighini.com\/index.php?rest_route=%2Fwp%2Fv2%2Fcomments&post=23"}],"version-history":[{"count":62,"href":"https:\/\/www.dianarighini.com\/index.php?rest_route=\/wp\/v2\/pages\/23\/revisions"}],"predecessor-version":[{"id":1892,"href":"https:\/\/www.dianarighini.com\/index.php?rest_route=\/wp\/v2\/pages\/23\/revisions\/1892"}],"wp:attachment":[{"href":"https:\/\/www.dianarighini.com\/index.php?rest_route=%2Fwp%2Fv2%2Fmedia&parent=23"}],"curies":[{"name":"wp","href":"https:\/\/api.w.org\/{rel}","templated":true}]}}