{"id":27,"date":"2014-08-05T21:12:48","date_gmt":"2014-08-05T20:12:48","guid":{"rendered":"http:\/\/www.dianarighini.com\/?page_id=27"},"modified":"2025-05-03T10:14:20","modified_gmt":"2025-05-03T09:14:20","slug":"link","status":"publish","type":"page","link":"https:\/\/www.dianarighini.com\/?page_id=27","title":{"rendered":"Links"},"content":{"rendered":"<p><a href=\"https:\/\/www.artashram.net\/lucino\" target=\"_blank\" rel=\"noopener\"><strong>Art Ashram<\/strong><\/a><\/p>\n<p><a href=\"https:\/\/www.foundationbad.nl\/\">Foundation B.a.d., Rotterdam<\/a><\/p>\n<p><a href=\"https:\/\/www.zku-berlin.org\/fellows\/594\/\">ZK\/U &#8211; Berlin<\/a><\/p>\n<p><a href=\"https:\/\/www.kunstwerk-carlshuette.de\/en\/\" target=\"_blank\" rel=\"noopener\">Kunstwerk Carlsh\u00fctte NordArt<\/a><\/p>\n<p><a href=\"http:\/\/www.residencesinternationales.com\/diana-righini\/\" target=\"_blank\" rel=\"noopener\">Dos Mares, Marseille<\/a><\/p>\n<p><a href=\"http:\/\/www.2angles.org\/#!diana-righini\/c9uw\" target=\"_blank\" rel=\"noopener noreferrer\">2angles, Flers <\/a><\/p>\n<p><a class=\"class4\" title=\"http:\/\/www.duplex100m2.com\/html\/03duplexprogram\/2011\/33 - Web Porschismus\/index.html\" href=\"http:\/\/www.duplex100m2.com\/html\/03duplexprogram\/2011\/33%20-%20Web%20Porschismus\/index.html\" target=\"_blank\" rel=\"noopener noreferrer\">Duplex 100m2, Sarajevo<\/a><\/p>\n<p><a href=\"http:\/\/pointcontemporain.com\/direct-expositions-diana-righini-fabrica-mundi-alma-espace-dart-paris\" target=\"_blank\" rel=\"noopener noreferrer\">Point contemporain <\/a><\/p>\n<p><a href=\"http:\/\/www.petite-egypte.fr\/\" target=\"_blank\" rel=\"noopener noreferrer\">Librairie La Petite \u00c9gypte, Paris<\/a><\/p>\n<p><a href=\"http:\/\/www.librairievolume.fr\/\" target=\"_blank\" rel=\"noopener noreferrer\">Librairie VOLUME, Paris<\/a><\/p>\n<p><a title=\"http:\/\/www.publicmirage.de\/fata-morgana\/diana-righini\/\" href=\"http:\/\/www.publicmirage.de\/fata-morgana\/diana-righini\/\" target=\"_blank\" rel=\"noopener noreferrer\">Fata Morgana, Berlin<\/a><\/p>\n<p><a href=\"http:\/\/residenceshakers.com\/category\/residences\/\" target=\"_blank\" rel=\"noopener noreferrer\">Shakers &#8211; Lieux d&rsquo;effervescence, Montlu\u00e7on <\/a><\/p>\n<p><a href=\"http:\/\/www.paris-art.com\/fabrica-mundi\/\" target=\"_blank\" rel=\"noopener noreferrer\">www.paris-art.com<\/a><\/p>\n<p><a href=\"http:\/\/www.paris-art.com\/fabrica-mundi-2\/\" target=\"_blank\" rel=\"noopener noreferrer\">http:\/\/www.paris-art.com\/fabrica-mundi-2\/<\/a><\/p>\n<p><a href=\"http:\/\/www.lecerclechromatique.org\/fr\/evenements\/view\/2\/le-cercle-s-ouvre\/10\/atelier-debat-l-art-et-l-espace-public-quels-enjeux-pour-les-espaces-de-creation-et-de-diffusion-de-l-art-aujourd-hui\" target=\"_blank\" rel=\"noopener\">Le Cercle Chromatique<\/a><\/p>\n<p class=\"paragraph_style_4\" style=\"padding-bottom: 0pt;\"><a title=\"http:\/\/silvialorenz.wordpress.com\" href=\"http:\/\/silvialorenz.wordpress.com\" target=\"_blank\" rel=\"noopener noreferrer\">Silvia Lorenz<\/a> \/\/\/ <a href=\"http:\/\/jamesdin.wordpress.com\/\" target=\"_blank\" rel=\"noopener noreferrer\">Jamesdin<\/a> \/\/\/ <a class=\"class3\" title=\"http:\/\/shingoyoshida.com\/shingoyoshida\/shingo_yoshida.html\" href=\"http:\/\/shingoyoshida.com\/shingoyoshida\/shingo_yoshida.html\" target=\"_blank\" rel=\"noopener noreferrer\">Shingo Yoshida<\/a> \/\/\/ <a href=\"http:\/\/www.irma-markulin.com\/\" target=\"_blank\" rel=\"noopener noreferrer\">Irma Markulin<\/a> \/\/\/ <a href=\"http:\/\/www.majanilsen.com\/index.html\" target=\"_blank\" rel=\"noopener noreferrer\">Maja Nilsen <\/a> \/\/\/ <a title=\"http:\/\/parvenu.free.fr\" href=\"http:\/\/parvenu.free.fr\" target=\"_blank\" rel=\"noopener noreferrer\">Driss Aroussi<\/a> \/\/\/<\/p>\n<p class=\"paragraph_style_4\" style=\"padding-bottom: 0pt;\"><a title=\"http:\/\/www.laurentproux.com\/Paintings\/\" href=\"http:\/\/www.laurentproux.com\/Paintings\/\" target=\"_blank\" rel=\"noopener noreferrer\">Laurent Proux<\/a> \/\/\/ <a href=\"https:\/\/mondesheureux.net\/presentation\/\" target=\"_blank\" rel=\"noopener\">Nicolas Guillemin<\/a> \/\/\/ <a href=\"https:\/\/www.olivialaigre.com\/\" target=\"_blank\" rel=\"noopener\">Olivia Laigre<\/a> \/\/\/ <a href=\"http:\/\/juliagault.com\/\" target=\"_blank\" rel=\"noopener\">Julia Gault<\/a> \/\/\/ <a href=\"http:\/\/julia-mensch.blogspot.de\/\" target=\"_blank\" rel=\"noopener noreferrer\">Julia Mensch<\/a><\/p>\n<p class=\"paragraph_style_4\" style=\"padding-bottom: 0pt;\"><a href=\"https:\/\/artashramshop.de\/\" target=\"_blank\" rel=\"noopener\">Art Ashram<\/a> \/\/\/ <a title=\"http:\/\/www.nellidavid.com\" href=\"http:\/\/www.nellidavid.com\" target=\"_blank\" rel=\"noopener noreferrer\">Nelli David<\/a> \/\/\/ <a href=\"http:\/\/ggeeoorrgg.net\/\" target=\"_blank\" rel=\"noopener\">Georg Sherlin<\/a> \/\/\/ <a href=\"https:\/\/www.instagram.com\/julie.genelin\/\" target=\"_blank\" rel=\"noopener\">Julie Genelin<\/a><\/p>\n\n\n<p><\/p>\n\n\n\n<p><\/p>\n","protected":false},"excerpt":{"rendered":"<p>Art Ashram Foundation B.a.d., Rotterdam ZK\/U &#8211; Berlin Kunstwerk Carlsh\u00fctte NordArt Dos Mares, Marseille 2angles, Flers Duplex 100m2, Sarajevo Point contemporain Librairie La Petite \u00c9gypte, Paris Librairie VOLUME, Paris Fata Morgana, Berlin Shakers &#8211; Lieux d&rsquo;effervescence, Montlu\u00e7on www.paris-art.com http:\/\/www.paris-art.com\/fabrica-mundi-2\/ Le Cercle Chromatique Silvia Lorenz \/\/\/ Jamesdin \/\/\/ Shingo Yoshida \/\/\/ Irma Markulin \/\/\/ Maja Nilsen [&hellip;]<\/p>\n","protected":false},"author":1,"featured_media":0,"parent":0,"menu_order":0,"comment_status":"closed","ping_status":"closed","template":"","meta":{"footnotes":""},"class_list":["post-27","page","type-page","status-publish","hentry"],"_links":{"self":[{"href":"https:\/\/www.dianarighini.com\/index.php?rest_route=\/wp\/v2\/pages\/27","targetHints":{"allow":["GET"]}}],"collection":[{"href":"https:\/\/www.dianarighini.com\/index.php?rest_route=\/wp\/v2\/pages"}],"about":[{"href":"https:\/\/www.dianarighini.com\/index.php?rest_route=\/wp\/v2\/types\/page"}],"author":[{"embeddable":true,"href":"https:\/\/www.dianarighini.com\/index.php?rest_route=\/wp\/v2\/users\/1"}],"replies":[{"embeddable":true,"href":"https:\/\/www.dianarighini.com\/index.php?rest_route=%2Fwp%2Fv2%2Fcomments&post=27"}],"version-history":[{"count":38,"href":"https:\/\/www.dianarighini.com\/index.php?rest_route=\/wp\/v2\/pages\/27\/revisions"}],"predecessor-version":[{"id":1894,"href":"https:\/\/www.dianarighini.com\/index.php?rest_route=\/wp\/v2\/pages\/27\/revisions\/1894"}],"wp:attachment":[{"href":"https:\/\/www.dianarighini.com\/index.php?rest_route=%2Fwp%2Fv2%2Fmedia&parent=27"}],"curies":[{"name":"wp","href":"https:\/\/api.w.org\/{rel}","templated":true}]}}